{"id":889,"date":"2023-01-15T14:12:07","date_gmt":"2023-01-15T14:12:07","guid":{"rendered":"https:\/\/xn--zumhehnerglck-zobh.bosser.ch\/?page_id=889"},"modified":"2023-01-15T14:15:23","modified_gmt":"2023-01-15T14:15:23","slug":"hueehner-kaffi","status":"publish","type":"page","link":"https:\/\/xn--zumhehnerglck-zobh.bosser.ch\/?page_id=889","title":{"rendered":"H\u00fcehner-Kaffi"},"content":{"rendered":"\n<figure class=\"wp-block-image size-large is-resized\"><img loading=\"lazy\" decoding=\"async\" src=\"https:\/\/xn--zumhehnerglck-zobh.bosser.ch\/wp-content\/uploads\/2022\/06\/IMG_9151-2-1024x461.jpg\" alt=\"\" class=\"wp-image-613\" width=\"674\" height=\"303\" srcset=\"https:\/\/xn--zumhehnerglck-zobh.bosser.ch\/wp-content\/uploads\/2022\/06\/IMG_9151-2-1024x461.jpg 1024w, https:\/\/xn--zumhehnerglck-zobh.bosser.ch\/wp-content\/uploads\/2022\/06\/IMG_9151-2-300x135.jpg 300w, https:\/\/xn--zumhehnerglck-zobh.bosser.ch\/wp-content\/uploads\/2022\/06\/IMG_9151-2-768x346.jpg 768w, https:\/\/xn--zumhehnerglck-zobh.bosser.ch\/wp-content\/uploads\/2022\/06\/IMG_9151-2-1536x691.jpg 1536w, https:\/\/xn--zumhehnerglck-zobh.bosser.ch\/wp-content\/uploads\/2022\/06\/IMG_9151-2-2048x921.jpg 2048w\" sizes=\"(max-width: 674px) 100vw, 674px\" \/><figcaption class=\"wp-element-caption\"><strong>Leckere Desserts &amp; hausgebackene Kuchen laden ein zum Verweilen im H\u00fchnerkaffi:))  Voranmeldung erw\u00fcnscht, auch hie und da Samstag &amp; Sonntag m\u00f6glich, nur bei trockener Witterung!<\/strong><\/figcaption><\/figure>\n\n\n\n<p><\/p>\n\n\n\n<figure class=\"wp-block-image size-large is-resized\"><img loading=\"lazy\" decoding=\"async\" src=\"https:\/\/xn--zumhehnerglck-zobh.bosser.ch\/wp-content\/uploads\/2022\/08\/IMG_9335-2-1024x683.jpg\" alt=\"\" class=\"wp-image-754\" width=\"674\" height=\"449\" srcset=\"https:\/\/xn--zumhehnerglck-zobh.bosser.ch\/wp-content\/uploads\/2022\/08\/IMG_9335-2-1024x683.jpg 1024w, https:\/\/xn--zumhehnerglck-zobh.bosser.ch\/wp-content\/uploads\/2022\/08\/IMG_9335-2-300x200.jpg 300w, https:\/\/xn--zumhehnerglck-zobh.bosser.ch\/wp-content\/uploads\/2022\/08\/IMG_9335-2-768x512.jpg 768w, https:\/\/xn--zumhehnerglck-zobh.bosser.ch\/wp-content\/uploads\/2022\/08\/IMG_9335-2-1536x1024.jpg 1536w, https:\/\/xn--zumhehnerglck-zobh.bosser.ch\/wp-content\/uploads\/2022\/08\/IMG_9335-2-2048x1365.jpg 2048w\" sizes=\"(max-width: 674px) 100vw, 674px\" \/><\/figure>\n\n\n\n<figure class=\"wp-block-image size-large\"><img loading=\"lazy\" decoding=\"async\" width=\"683\" height=\"1024\" src=\"https:\/\/xn--zumhehnerglck-zobh.bosser.ch\/wp-content\/uploads\/2022\/08\/IMG_9336-683x1024.jpg\" alt=\"\" class=\"wp-image-755\" srcset=\"https:\/\/xn--zumhehnerglck-zobh.bosser.ch\/wp-content\/uploads\/2022\/08\/IMG_9336-683x1024.jpg 683w, https:\/\/xn--zumhehnerglck-zobh.bosser.ch\/wp-content\/uploads\/2022\/08\/IMG_9336-200x300.jpg 200w, https:\/\/xn--zumhehnerglck-zobh.bosser.ch\/wp-content\/uploads\/2022\/08\/IMG_9336-768x1152.jpg 768w, https:\/\/xn--zumhehnerglck-zobh.bosser.ch\/wp-content\/uploads\/2022\/08\/IMG_9336-1024x1536.jpg 1024w, https:\/\/xn--zumhehnerglck-zobh.bosser.ch\/wp-content\/uploads\/2022\/08\/IMG_9336-1365x2048.jpg 1365w, https:\/\/xn--zumhehnerglck-zobh.bosser.ch\/wp-content\/uploads\/2022\/08\/IMG_9336-scaled.jpg 1707w\" sizes=\"(max-width: 683px) 100vw, 683px\" \/><\/figure>\n","protected":false},"excerpt":{"rendered":"","protected":false},"author":2,"featured_media":0,"parent":538,"menu_order":0,"comment_status":"closed","ping_status":"closed","template":"","meta":{"footnotes":""},"_links":{"self":[{"href":"https:\/\/xn--zumhehnerglck-zobh.bosser.ch\/index.php?rest_route=\/wp\/v2\/pages\/889"}],"collection":[{"href":"https:\/\/xn--zumhehnerglck-zobh.bosser.ch\/index.php?rest_route=\/wp\/v2\/pages"}],"about":[{"href":"https:\/\/xn--zumhehnerglck-zobh.bosser.ch\/index.php?rest_route=\/wp\/v2\/types\/page"}],"author":[{"embeddable":true,"href":"https:\/\/xn--zumhehnerglck-zobh.bosser.ch\/index.php?rest_route=\/wp\/v2\/users\/2"}],"replies":[{"embeddable":true,"href":"https:\/\/xn--zumhehnerglck-zobh.bosser.ch\/index.php?rest_route=%2Fwp%2Fv2%2Fcomments&post=889"}],"version-history":[{"count":2,"href":"https:\/\/xn--zumhehnerglck-zobh.bosser.ch\/index.php?rest_route=\/wp\/v2\/pages\/889\/revisions"}],"predecessor-version":[{"id":893,"href":"https:\/\/xn--zumhehnerglck-zobh.bosser.ch\/index.php?rest_route=\/wp\/v2\/pages\/889\/revisions\/893"}],"up":[{"embeddable":true,"href":"https:\/\/xn--zumhehnerglck-zobh.bosser.ch\/index.php?rest_route=\/wp\/v2\/pages\/538"}],"wp:attachment":[{"href":"https:\/\/xn--zumhehnerglck-zobh.bosser.ch\/index.php?rest_route=%2Fwp%2Fv2%2Fmedia&parent=889"}],"curies":[{"name":"wp","href":"https:\/\/api.w.org\/{rel}","templated":true}]}}