{"id":882,"date":"2023-01-15T14:06:28","date_gmt":"2023-01-15T14:06:28","guid":{"rendered":"https:\/\/xn--zumhehnerglck-zobh.bosser.ch\/?page_id=882"},"modified":"2023-01-15T15:42:42","modified_gmt":"2023-01-15T15:42:42","slug":"angebot-2","status":"publish","type":"page","link":"https:\/\/xn--zumhehnerglck-zobh.bosser.ch\/?page_id=882","title":{"rendered":"Kreativ &#8211; Werkstatt"},"content":{"rendered":"\n<p>Aus alten Kalendern &amp; Fotos kreieren wir miteinander Collagen, lassen uns intuitiv leiten,  mit Freude und Kreativit\u00e4t entstehen  wundersch\u00f6ne Kunstwerke!<\/p>\n\n\n\n<p>In Gruppe oder auch einzeln m\u00f6glich, jeweils Dienstag-Nachmittag 14h &#8211; ca. 15.30,<\/p>\n\n\n\n<p>oder nach Vereinbarung.<\/p>\n\n\n\n<p>Kosten Fr. 20.&#8211;  plus Karten-Material<\/p>\n\n\n\n<figure class=\"wp-block-image size-full\"><img loading=\"lazy\" decoding=\"async\" width=\"800\" height=\"501\" src=\"https:\/\/xn--zumhehnerglck-zobh.bosser.ch\/wp-content\/uploads\/2023\/01\/IMG_8340-2.jpg\" alt=\"\" class=\"wp-image-910\" srcset=\"https:\/\/xn--zumhehnerglck-zobh.bosser.ch\/wp-content\/uploads\/2023\/01\/IMG_8340-2.jpg 800w, https:\/\/xn--zumhehnerglck-zobh.bosser.ch\/wp-content\/uploads\/2023\/01\/IMG_8340-2-300x188.jpg 300w, https:\/\/xn--zumhehnerglck-zobh.bosser.ch\/wp-content\/uploads\/2023\/01\/IMG_8340-2-768x481.jpg 768w\" sizes=\"(max-width: 767px) 89vw, (max-width: 1000px) 54vw, (max-width: 1071px) 543px, 580px\" \/><\/figure>\n\n\n\n<figure class=\"wp-block-gallery has-nested-images columns-default is-cropped wp-block-gallery-1 is-layout-flex wp-block-gallery-is-layout-flex\"><\/figure>\n\n\n\n<figure class=\"wp-block-gallery has-nested-images columns-default is-cropped wp-block-gallery-2 is-layout-flex wp-block-gallery-is-layout-flex\">\n<figure class=\"wp-block-image size-large\"><img loading=\"lazy\" decoding=\"async\" width=\"768\" height=\"1024\" data-id=\"912\" src=\"https:\/\/xn--zumhehnerglck-zobh.bosser.ch\/wp-content\/uploads\/2023\/01\/IMG_20201122_183949-768x1024.jpg\" alt=\"\" class=\"wp-image-912\" srcset=\"https:\/\/xn--zumhehnerglck-zobh.bosser.ch\/wp-content\/uploads\/2023\/01\/IMG_20201122_183949-768x1024.jpg 768w, https:\/\/xn--zumhehnerglck-zobh.bosser.ch\/wp-content\/uploads\/2023\/01\/IMG_20201122_183949-225x300.jpg 225w, https:\/\/xn--zumhehnerglck-zobh.bosser.ch\/wp-content\/uploads\/2023\/01\/IMG_20201122_183949-1152x1536.jpg 1152w, https:\/\/xn--zumhehnerglck-zobh.bosser.ch\/wp-content\/uploads\/2023\/01\/IMG_20201122_183949-1536x2048.jpg 1536w, https:\/\/xn--zumhehnerglck-zobh.bosser.ch\/wp-content\/uploads\/2023\/01\/IMG_20201122_183949-scaled.jpg 1920w\" sizes=\"(max-width: 767px) 89vw, (max-width: 1000px) 54vw, (max-width: 1071px) 543px, 580px\" \/><\/figure>\n\n\n\n<figure class=\"wp-block-image size-large\"><img loading=\"lazy\" decoding=\"async\" width=\"1024\" height=\"768\" data-id=\"914\" src=\"https:\/\/xn--zumhehnerglck-zobh.bosser.ch\/wp-content\/uploads\/2023\/01\/IMG_20201124_153937-1024x768.jpg\" alt=\"\" class=\"wp-image-914\" srcset=\"https:\/\/xn--zumhehnerglck-zobh.bosser.ch\/wp-content\/uploads\/2023\/01\/IMG_20201124_153937-1024x768.jpg 1024w, https:\/\/xn--zumhehnerglck-zobh.bosser.ch\/wp-content\/uploads\/2023\/01\/IMG_20201124_153937-300x225.jpg 300w, https:\/\/xn--zumhehnerglck-zobh.bosser.ch\/wp-content\/uploads\/2023\/01\/IMG_20201124_153937-768x576.jpg 768w, https:\/\/xn--zumhehnerglck-zobh.bosser.ch\/wp-content\/uploads\/2023\/01\/IMG_20201124_153937-1536x1152.jpg 1536w, https:\/\/xn--zumhehnerglck-zobh.bosser.ch\/wp-content\/uploads\/2023\/01\/IMG_20201124_153937-2048x1536.jpg 2048w\" sizes=\"(max-width: 767px) 89vw, (max-width: 1000px) 54vw, (max-width: 1071px) 543px, 580px\" \/><\/figure>\n\n\n\n<figure class=\"wp-block-image size-large\"><img loading=\"lazy\" decoding=\"async\" width=\"1024\" height=\"768\" data-id=\"913\" src=\"https:\/\/xn--zumhehnerglck-zobh.bosser.ch\/wp-content\/uploads\/2023\/01\/IMG_20210330_155726-1024x768.jpg\" alt=\"\" class=\"wp-image-913\" srcset=\"https:\/\/xn--zumhehnerglck-zobh.bosser.ch\/wp-content\/uploads\/2023\/01\/IMG_20210330_155726-1024x768.jpg 1024w, https:\/\/xn--zumhehnerglck-zobh.bosser.ch\/wp-content\/uploads\/2023\/01\/IMG_20210330_155726-300x225.jpg 300w, https:\/\/xn--zumhehnerglck-zobh.bosser.ch\/wp-content\/uploads\/2023\/01\/IMG_20210330_155726-768x576.jpg 768w, https:\/\/xn--zumhehnerglck-zobh.bosser.ch\/wp-content\/uploads\/2023\/01\/IMG_20210330_155726-1536x1152.jpg 1536w, https:\/\/xn--zumhehnerglck-zobh.bosser.ch\/wp-content\/uploads\/2023\/01\/IMG_20210330_155726-2048x1536.jpg 2048w\" sizes=\"(max-width: 767px) 89vw, (max-width: 1000px) 54vw, (max-width: 1071px) 543px, 580px\" \/><\/figure>\n<\/figure>\n\n\n\n<p><\/p>\n","protected":false},"excerpt":{"rendered":"<p>Aus alten Kalendern &amp; Fotos kreieren wir miteinander Collagen, lassen uns intuitiv leiten, mit Freude und Kreativit\u00e4t entstehen wundersch\u00f6ne Kunstwerke! In Gruppe oder auch einzeln m\u00f6glich, jeweils Dienstag-Nachmittag 14h &#8211; ca. 15.30, oder nach Vereinbarung. Kosten Fr. 20.&#8211; plus Karten-Material<\/p>\n","protected":false},"author":2,"featured_media":0,"parent":538,"menu_order":0,"comment_status":"closed","ping_status":"closed","template":"","meta":{"footnotes":""},"_links":{"self":[{"href":"https:\/\/xn--zumhehnerglck-zobh.bosser.ch\/index.php?rest_route=\/wp\/v2\/pages\/882"}],"collection":[{"href":"https:\/\/xn--zumhehnerglck-zobh.bosser.ch\/index.php?rest_route=\/wp\/v2\/pages"}],"about":[{"href":"https:\/\/xn--zumhehnerglck-zobh.bosser.ch\/index.php?rest_route=\/wp\/v2\/types\/page"}],"author":[{"embeddable":true,"href":"https:\/\/xn--zumhehnerglck-zobh.bosser.ch\/index.php?rest_route=\/wp\/v2\/users\/2"}],"replies":[{"embeddable":true,"href":"https:\/\/xn--zumhehnerglck-zobh.bosser.ch\/index.php?rest_route=%2Fwp%2Fv2%2Fcomments&post=882"}],"version-history":[{"count":7,"href":"https:\/\/xn--zumhehnerglck-zobh.bosser.ch\/index.php?rest_route=\/wp\/v2\/pages\/882\/revisions"}],"predecessor-version":[{"id":919,"href":"https:\/\/xn--zumhehnerglck-zobh.bosser.ch\/index.php?rest_route=\/wp\/v2\/pages\/882\/revisions\/919"}],"up":[{"embeddable":true,"href":"https:\/\/xn--zumhehnerglck-zobh.bosser.ch\/index.php?rest_route=\/wp\/v2\/pages\/538"}],"wp:attachment":[{"href":"https:\/\/xn--zumhehnerglck-zobh.bosser.ch\/index.php?rest_route=%2Fwp%2Fv2%2Fmedia&parent=882"}],"curies":[{"name":"wp","href":"https:\/\/api.w.org\/{rel}","templated":true}]}}