{"id":309,"date":"2022-04-28T19:25:44","date_gmt":"2022-04-28T19:25:44","guid":{"rendered":"https:\/\/xn--zumhehnerglck-zobh.bosser.ch\/?page_id=309"},"modified":"2022-05-08T11:55:59","modified_gmt":"2022-05-08T11:55:59","slug":"philosophie","status":"publish","type":"page","link":"https:\/\/xn--zumhehnerglck-zobh.bosser.ch\/?page_id=309","title":{"rendered":"Philosophie"},"content":{"rendered":"\n<p>Meine H\u00fchnerpassion mit\u00a0Menschen\u00a0zu teilen, meinen in Obhut\u00a0gegebenen\u00a0H\u00fchner\u00a0ein\u00a0gl\u00fcckliches\u00a0\u00a0Leben\u00a0 zu erm\u00f6glichen\u00a0zwischen B\u00e4umen &amp; B\u00fcschen,\u00a0Blumen-Kr\u00e4uter-Wiese, Erde zum Scharren, Sandbad f\u00fcr die Fl\u00fcgelpflege, jede\u00a0Henne,\u00a0G\u00fcggel\u00a0tr\u00e4gt\u00a0einen Namen, darf\u00a0DA-SEIN bis\u00a0an\u2018s\u00a0Lebensende!\u00a0\u00a0\u00a0<\/p>\n","protected":false},"excerpt":{"rendered":"<p>Meine H\u00fchnerpassion mit\u00a0Menschen\u00a0zu teilen, meinen in Obhut\u00a0gegebenen\u00a0H\u00fchner\u00a0ein\u00a0gl\u00fcckliches\u00a0\u00a0Leben\u00a0 zu erm\u00f6glichen\u00a0zwischen B\u00e4umen &amp; B\u00fcschen,\u00a0Blumen-Kr\u00e4uter-Wiese, Erde zum Scharren, Sandbad f\u00fcr die Fl\u00fcgelpflege, jede\u00a0Henne,\u00a0G\u00fcggel\u00a0tr\u00e4gt\u00a0einen Namen, darf\u00a0DA-SEIN bis\u00a0an\u2018s\u00a0Lebensende!\u00a0\u00a0\u00a0<\/p>\n","protected":false},"author":1,"featured_media":0,"parent":0,"menu_order":0,"comment_status":"closed","ping_status":"closed","template":"","meta":{"footnotes":""},"_links":{"self":[{"href":"https:\/\/xn--zumhehnerglck-zobh.bosser.ch\/index.php?rest_route=\/wp\/v2\/pages\/309"}],"collection":[{"href":"https:\/\/xn--zumhehnerglck-zobh.bosser.ch\/index.php?rest_route=\/wp\/v2\/pages"}],"about":[{"href":"https:\/\/xn--zumhehnerglck-zobh.bosser.ch\/index.php?rest_route=\/wp\/v2\/types\/page"}],"author":[{"embeddable":true,"href":"https:\/\/xn--zumhehnerglck-zobh.bosser.ch\/index.php?rest_route=\/wp\/v2\/users\/1"}],"replies":[{"embeddable":true,"href":"https:\/\/xn--zumhehnerglck-zobh.bosser.ch\/index.php?rest_route=%2Fwp%2Fv2%2Fcomments&post=309"}],"version-history":[{"count":2,"href":"https:\/\/xn--zumhehnerglck-zobh.bosser.ch\/index.php?rest_route=\/wp\/v2\/pages\/309\/revisions"}],"predecessor-version":[{"id":415,"href":"https:\/\/xn--zumhehnerglck-zobh.bosser.ch\/index.php?rest_route=\/wp\/v2\/pages\/309\/revisions\/415"}],"wp:attachment":[{"href":"https:\/\/xn--zumhehnerglck-zobh.bosser.ch\/index.php?rest_route=%2Fwp%2Fv2%2Fmedia&parent=309"}],"curies":[{"name":"wp","href":"https:\/\/api.w.org\/{rel}","templated":true}]}}